{"id":6785,"date":"2025-08-04T08:11:21","date_gmt":"2025-08-04T08:11:21","guid":{"rendered":"https:\/\/parlaw.at\/?page_id=6785"},"modified":"2026-01-02T11:11:06","modified_gmt":"2026-01-02T11:11:06","slug":"dr-simon","status":"publish","type":"page","link":"https:\/\/parlaw.at\/en\/dr-simon\/","title":{"rendered":"Dr. Simon"},"content":{"rendered":"<h1>\n<p>Vertrauen weitergeben.<\/p>\n<\/h1>\n<div>\n<p class=\"p1\">In Zeiten von Wandel ist Stabilit\u00e4t besonders wichtig. Seit 1. August 2025 arbeitet Rechtsanwalt Dr. Hubert Simon in den Kanzleir\u00e4umlichkeiten von PARLAW. Er will so seinen Klient:innen eine schrittweise \u00dcbergabe laufender Agenden anbieten, ehe er sich Ende des Jahres 2025 beruflich zur\u00fcckzieht. Daf\u00fcr hat er sich entschieden mit PARLAW zusammenzuarbeiten.<\/p>\n<\/div>\n<p><img decoding=\"async\" src=\"\/wp-content\/uploads\/maximiliansalzer-parlaw-portrait-0251.jpg\" alt=\"Die vier Anw\u00e4lte der PARLAW Rechtsanwalts-Partnerschaft.\"><\/p>\n<div>\n<p class=\"p1\">PARLAW-Partner Wolfgang Renzl startete im Jahr 2002 seinen beruflichen Werdegang als Rechtsanwaltsanw\u00e4rter bei Dr. Hubert Simon. Damit schlie\u00dft sich ein Kreis auf eine ganz besondere Art und Weise. Bis heute eint die beiden Ihre Herangehensweise bei der pers\u00f6nlichen Betreuung ihrer Klient:innen auf Augenh\u00f6he.\u00a0<\/p>\n<p class=\"p1\">Die juristischen Bereiche von Dr. Hubert Simon werden gemeinsam von allen Partnern bei PARLAW abgedeckt.\u00a0<\/p>\n<p class=\"p1\">Von August bis Dezember 2025 wird Dr. Hubert Simon in den R\u00e4umlichkeiten von PARLAW ein B\u00fcro einrichten, um die \u00dcbergabe pers\u00f6nlich und kontinuierlich durchf\u00fchren zu k\u00f6nnen.<\/p>\n<\/div>\n<h2>\n<p class=\"p1\"><span class=\"s1\">\u201e<\/span>Ich kenne Wolfgang Renzl als genauen, interessierten und aufrichtigen Rechtsanwalt. Als ehemaliger Ausbildner, freut es mich besonders seinen Weg mitzuverfolgen und jetzt sogar die M\u00f6glichkeit zu haben, meine Klient:innen an seine Kanzlei zu \u00fcbergeben.<span class=\"s1\">\u201c<\/span><\/p>\n<\/h2>\n<h2>\n<p class=\"p1\">Dr. Hubert Simon<\/p>\n<\/h2>\n<h2>Dr. Hubert Simon<\/h2>\n<p><img decoding=\"async\" src=\"\/wp-content\/uploads\/maximiliansalzer-parlaw-portrait-9856-1.jpg\" alt=\"Dr. Simon\"><\/p>\n<hr>\n<p><img decoding=\"async\" src=\"\/wp-content\/uploads\/maximiliansalzer-parlaw-portrait-9856-1.jpg\" alt=\"Dr. Simon\"><\/p>\n<div>\n<p style=\"font-weight: 400;\">seit 31.12.2025 <span>emeritierter <\/span>Rechtsanwalt\u00a0<\/p>\n<\/div>\n<p><p>\n        <a href=\"mailto: office@ra-simon.at\">Mail<\/a>\n    <\/p>\n<\/p>\n<p><p>\n        <a href=\"tel: +43 1 235 12 65\">Telefon<\/a>\n    <\/p>\n<\/p>\n<p><p>\n        <a href=\"https:\/\/maps.app.goo.gl\/9j7tYkSf7zXr85gK8\">Google Maps<\/a>\n    <\/p>\n<\/p>\n<h2>So kommen Sie am schnellsten zu uns:<\/h2>\n<div>\n<p>PARLAW<br \/>Rechtsanwalts-Partnerschaft<\/p>\n<\/div>\n<div>\n<p><span>Hegelgasse 19\/5+6 (1. Etage)<\/span><br \/>A-1010 Wien<\/p>\n<\/div>\n<div>\n<p>(T) +43 1 235 12 65<br \/>(F) +43 1 235 12 65 65<\/p>\n<\/div>\n<div>\n<p>(E) <a href=\"mailto:office@parlaw.at\">office@parlaw.at<\/a> <br \/><span uk-icon=\"icon: arrow-right; ratio: 1.1\"><\/span> <a href=\"https:\/\/maps.app.goo.gl\/9j7tYkSf7zXr85gK8\" target=\"_blank\" rel=\"noopener\">Finden Sie uns auf Google Maps<\/a><\/p>\n<\/div>\n<p><!--more--><br \/>\n<!-- {\"type\":\"layout\",\"children\":[{\"type\":\"section\",\"props\":{\"header_transparent\":true,\"image_position\":\"center-center\",\"style\":\"default\",\"title_breakpoint\":\"xl\",\"title_position\":\"top-left\",\"title_rotation\":\"left\",\"vertical_align\":\"\",\"width\":\"default\"},\"children\":[{\"type\":\"row\",\"children\":[{\"type\":\"column\",\"props\":{\"image_position\":\"center-center\",\"position_sticky_breakpoint\":\"m\"},\"children\":[{\"type\":\"image\",\"props\":{\"image\":\"\",\"image_svg_color\":\"emphasis\",\"margin\":\"default\"}}]}]}]},{\"type\":\"section\",\"props\":{\"animation\":\"fade\",\"css\":\"@media only screen and (max-width: 1199px) {.el-section{padding-top:0}}\",\"header_transparent\":true,\"header_transparent_text_color\":\"light\",\"image_position\":\"center-center\",\"padding_remove_bottom\":true,\"padding_remove_top\":false,\"style\":\"default\",\"title_breakpoint\":\"xl\",\"title_position\":\"top-left\",\"title_rotation\":\"left\",\"vertical_align\":\"\",\"width\":\"\"},\"children\":[{\"type\":\"row\",\"props\":{\"column_gap\":\"large\",\"margin\":\"large\",\"width\":\"large\"},\"children\":[{\"type\":\"column\",\"props\":{\"image_position\":\"center-center\",\"position_sticky_breakpoint\":\"m\"},\"children\":[{\"type\":\"headline\",\"props\":{\"animation\":\"parallax\",\"content\":\"\n\n<p>Vertrauen weitergeben.<\\\/p>\",\"content_en_gb\":\"Building trust that carries forward.\",\"margin\":\"default\",\"margin_remove_bottom\":true,\"parallax_opacity\":\"0.4 100%\",\"title_color\":\"primary\",\"title_element\":\"h1\"}}]}]}],\"name\":\"Top Expert neu\"},{\"type\":\"section\",\"props\":{\"image_position\":\"center-center\",\"style\":\"default\",\"title_breakpoint\":\"xl\",\"title_position\":\"top-left\",\"title_rotation\":\"left\",\"vertical_align\":\"\",\"width\":\"large\"},\"children\":[{\"type\":\"row\",\"children\":[{\"type\":\"column\",\"props\":{\"image_position\":\"center-center\",\"position_sticky_breakpoint\":\"m\"},\"children\":[{\"type\":\"text\",\"props\":{\"animation\":\"parallax\",\"column_breakpoint\":\"m\",\"content\":\"\n\n<p class=\\\"p1\\\">In Zeiten von Wandel ist Stabilit\\u00e4t besonders wichtig. Seit 1. August 2025 arbeitet Rechtsanwalt Dr. Hubert Simon in den Kanzleir\\u00e4umlichkeiten von PARLAW. Er will so seinen Klient:innen eine schrittweise \\u00dcbergabe laufender Agenden anbieten, ehe er sich Ende des Jahres 2025 beruflich zur\\u00fcckzieht. Daf\\u00fcr hat er sich entschieden mit PARLAW zusammenzuarbeiten.<\\\/p>\",\"content_en_gb\":\"\n\n<p><span>In times of change, stability is especially important. Since 1 August 2025, attorney-at-law Dr Hubert Simon has been working in the offices of PARLAW. In doing so, he aims to offer his clients a gradual transition of ongoing matters before retiring from professional practice at the end of 2025. For this purpose, he has chosen to collaborate with PARLAW.<\\\/span><\\\/p>\",\"margin\":\"default\",\"parallax_opacity\":\"0.35 1%,1 40%\",\"text_style\":\"lead\"}}]}]}],\"name\":\"Expert Top Text\"},{\"type\":\"section\",\"props\":{\"image_position\":\"center-center\",\"style\":\"default\",\"title_breakpoint\":\"xl\",\"title_position\":\"top-left\",\"title_rotation\":\"left\",\"vertical_align\":\"middle\",\"width\":\"default\"},\"children\":[{\"type\":\"row\",\"props\":{\"layout\":\"1-5,4-5\"},\"children\":[{\"type\":\"column\",\"props\":{\"image_position\":\"center-center\",\"position_sticky_breakpoint\":\"m\",\"width_medium\":\"1-5\"}},{\"type\":\"column\",\"props\":{\"image_position\":\"center-center\",\"position_sticky_breakpoint\":\"m\",\"width_medium\":\"4-5\"},\"children\":[{\"type\":\"image\",\"props\":{\"image\":\"wp-content\\\/uploads\\\/maximiliansalzer-parlaw-portrait-0251.jpg\",\"image_alt\":\"Die vier Anw\\u00e4lte der PARLAW Rechtsanwalts-Partnerschaft.\",\"image_height\":900,\"image_svg_color\":\"emphasis\",\"image_width\":1000,\"margin\":\"default\"}}]}]}]},{\"type\":\"section\",\"props\":{\"image_position\":\"center-center\",\"style\":\"default\",\"title_breakpoint\":\"xl\",\"title_position\":\"top-left\",\"title_rotation\":\"left\",\"vertical_align\":\"middle\",\"width\":\"default\"},\"children\":[{\"type\":\"row\",\"props\":{\"column_gap\":\"large\",\"layout\":\"1-3,2-3\",\"row_gap\":\"large\"},\"children\":[{\"type\":\"column\",\"props\":{\"image_position\":\"center-center\",\"position_sticky_breakpoint\":\"m\",\"width_medium\":\"1-3\"},\"children\":[{\"type\":\"text\",\"props\":{\"column_breakpoint\":\"m\",\"content\":\"\n\n<p class=\\\"p1\\\">PARLAW-Partner Wolfgang Renzl startete im Jahr 2002 seinen beruflichen Werdegang als Rechtsanwaltsanw\\u00e4rter bei Dr. Hubert Simon. Damit schlie\\u00dft sich ein Kreis auf eine ganz besondere Art und Weise. Bis heute eint die beiden Ihre Herangehensweise bei der pers\\u00f6nlichen Betreuung ihrer Klient:innen auf Augenh\\u00f6he.\\u00a0<\\\/p>\\n\n\n<p class=\\\"p1\\\">Die juristischen Bereiche von Dr. Hubert Simon werden gemeinsam von allen Partnern bei PARLAW abgedeckt.\\u00a0<\\\/p>\\n\n\n<p class=\\\"p1\\\">Von August bis Dezember 2025 wird Dr. Hubert Simon in den R\\u00e4umlichkeiten von PARLAW ein B\\u00fcro einrichten, um die \\u00dcbergabe pers\\u00f6nlich und kontinuierlich durchf\\u00fchren zu k\\u00f6nnen.<\\\/p>\",\"content_en_gb\":\"\n\n<p data-start=\\\"434\\\" data-end=\\\"768\\\">PARLAW partner Wolfgang Renzl began his professional career in 2002 as a trainee lawyer under Dr Hubert Simon. This brings things full circle in a very special way. To this day, they are united by their shared approach to providing personal, client-focused counsel on equal footing.<\\\/p>\\n\n\n<p data-start=\\\"770\\\" data-end=\\\"863\\\">The legal areas handled by Dr Hubert Simon will be jointly covered by all partners at PARLAW.<\\\/p>\\n\n\n<p data-start=\\\"865\\\" data-end=\\\"997\\\">From August to December 2025, Dr Hubert Simon will set up an office on PARLAW\\u2019s premises to ensure a personal and seamless handover.<\\\/p>\",\"margin\":\"default\"}}]},{\"type\":\"column\",\"props\":{\"image_position\":\"center-center\",\"position_sticky_breakpoint\":\"m\",\"width_medium\":\"2-3\"},\"children\":[{\"type\":\"headline\",\"props\":{\"content\":\"\n\n<p class=\\\"p1\\\"><span class=\\\"s1\\\">\\u201e<\\\/span>Ich kenne Wolfgang Renzl als genauen, interessierten und aufrichtigen Rechtsanwalt. Als ehemaliger Ausbildner, freut es mich besonders seinen Weg mitzuverfolgen und jetzt sogar die M\\u00f6glichkeit zu haben, meine Klient:innen an seine Kanzlei zu \\u00fcbergeben.<span class=\\\"s1\\\">\\u201c<\\\/span><\\\/p>\",\"content_en_gb\":\"<span>\\u201cI know Wolfgang Renzl as a precise, curious, and sincere attorney. As his former mentor, it gives me particular pleasure to follow his path and now even to have the opportunity to transfer my clients to his firm.\\u201d<\\\/span>\",\"css\":\".el-element {font-weight:400}\",\"title_element\":\"h2\"}},{\"type\":\"headline\",\"props\":{\"content\":\"\n\n<p class=\\\"p1\\\">Dr. Hubert Simon<\\\/p>\",\"css\":\".el-element {font-weight:400}\",\"title_color\":\"primary\",\"title_element\":\"h2\"}}]}]}]},{\"type\":\"section\",\"props\":{\"image_position\":\"center-center\",\"padding\":\"large\",\"style\":\"default\",\"title_breakpoint\":\"xl\",\"title_position\":\"top-left\",\"title_rotation\":\"left\",\"vertical_align\":\"middle\",\"width\":\"default\"},\"children\":[{\"type\":\"row\",\"props\":{\"column_gap\":\"large\",\"layout\":\"1-3,2-3\",\"row_gap\":\"large\"},\"children\":[{\"type\":\"column\",\"props\":{\"image_position\":\"center-center\",\"position_sticky_breakpoint\":\"m\",\"width_medium\":\"1-3\"},\"children\":[{\"type\":\"headline\",\"props\":{\"content\":\"Dr. Hubert Simon\",\"margin_remove_top\":true,\"title_color\":\"secondary\",\"title_element\":\"h2\"}},{\"type\":\"image\",\"props\":{\"height_expand\":true,\"image\":\"wp-content\\\/uploads\\\/maximiliansalzer-parlaw-portrait-9856-1.jpg\",\"image_alt\":\"Dr. Simon\",\"image_height\":840,\"image_svg_color\":\"emphasis\",\"image_width\":600,\"margin\":\"default\",\"visibility\":\"hidden-l\"}},{\"type\":\"divider\",\"props\":{\"divider_element\":\"hr\",\"maxwidth\":\"small\"}},{\"type\":\"text\",\"props\":{\"column_breakpoint\":\"m\",\"content\":\"\",\"margin\":\"default\"}}]},{\"type\":\"column\",\"props\":{\"image_position\":\"center-center\",\"position_sticky_breakpoint\":\"m\",\"width_medium\":\"2-3\"},\"children\":[{\"type\":\"fragment\",\"props\":{\"margin\":\"default\"},\"children\":[{\"type\":\"row\",\"props\":{\"layout\":\"1-2,1-2\"},\"children\":[{\"type\":\"column\",\"props\":{\"image_position\":\"center-center\",\"position_sticky_breakpoint\":\"m\",\"width_medium\":\"1-2\"},\"children\":[{\"type\":\"image\",\"props\":{\"height_expand\":true,\"image\":\"wp-content\\\/uploads\\\/maximiliansalzer-parlaw-portrait-9856-1.jpg\",\"image_alt\":\"Dr. Simon\",\"image_svg_color\":\"emphasis\",\"image_width\":800,\"margin\":\"default\",\"visibility\":\"l\"},\"name\":\"s1\"}]},{\"type\":\"column\",\"props\":{\"image_position\":\"center-center\",\"position_sticky_breakpoint\":\"m\",\"width_medium\":\"1-2\"},\"children\":[{\"type\":\"text\",\"props\":{\"column_breakpoint\":\"m\",\"content\":\"\n\n<p style=\\\"font-weight: 400;\\\">seit 31.12.2025 <span>emeritierter <\\\/span>Rechtsanwalt\\u00a0<\\\/p>\",\"margin\":\"large\",\"margin_remove_top\":true,\"position_top\":\"0\"},\"name\":\"s2\"},{\"type\":\"fragment\",\"props\":{\"class\":\"sollbottom\",\"css\":\".el-element{width:200px}\",\"margin\":\"default\",\"position_bottom\":\"0\"},\"children\":[{\"type\":\"row\",\"props\":{\"column_gap\":\"small\",\"row_gap\":\"small\"},\"children\":[{\"type\":\"column\",\"props\":{\"image_position\":\"center-center\",\"position_sticky_breakpoint\":\"m\"},\"children\":[{\"type\":\"button\",\"props\":{\"css\":\".el-content .uk-icon {position:absolute;right:10px;width:40px}\\n.el-content{justify-content: left;position:relative;max-width:180px}\\n.el-content svg{width:26px}\",\"fullwidth\":true,\"grid_column_gap\":\"\",\"grid_row_gap\":\"\",\"margin\":\"default\",\"margin_remove_top\":true},\"children\":[{\"type\":\"button_item\",\"props\":{\"button_style\":\"secondary\",\"content\":\"Mail\",\"dialog_layout\":\"modal\",\"dialog_offcanvas_flip\":true,\"icon\":\"arrow-right\",\"icon_align\":\"right\",\"link\":\"mailto: office@ra-simon.at\",\"link_title\":\"E-Mail\"}}],\"name\":\"button\"},{\"type\":\"button\",\"props\":{\"css\":\".el-content{justify-content: left;position:relative}\\n.el-content .uk-icon {position:absolute;right:10px;width:40px}\\n.el-content{justify-content: left;position:relative;max-width:180px}\\n.el-content svg{width:26px}\",\"fullwidth\":true,\"grid_column_gap\":\"\",\"grid_row_gap\":\"\",\"margin\":\"medium\"},\"children\":[{\"type\":\"button_item\",\"props\":{\"button_style\":\"secondary\",\"content\":\"Telefon\",\"content_en_gb\":\"Phone\",\"dialog_layout\":\"modal\",\"dialog_offcanvas_flip\":true,\"icon\":\"arrow-right\",\"icon_align\":\"right\",\"link\":\"tel: +43 1 235 12 65\"}}],\"name\":\"button\"},{\"type\":\"button\",\"props\":{\"css\":\".el-content{justify-content: left;position:relative}\\n.el-content .uk-icon {position:absolute;right:10px;width:40px}\\n.el-content{justify-content: left;position:relative;max-width:180px}\\n.el-content svg{width:26px}\",\"fullwidth\":true,\"grid_column_gap\":\"\",\"grid_row_gap\":\"\",\"margin\":\"default\"},\"children\":[{\"type\":\"button_item\",\"props\":{\"button_style\":\"secondary\",\"content\":\"Google Maps\",\"dialog_layout\":\"modal\",\"dialog_offcanvas_flip\":true,\"icon\":\"arrow-right\",\"icon_align\":\"right\",\"link\":\"https:\\\/\\\/maps.app.goo.gl\\\/9j7tYkSf7zXr85gK8\",\"link_target\":\"blank\"}}],\"name\":\"button\"}]}]}],\"name\":\"s4\"}]}]}]}]}]}],\"name\":\"Dr. Simon Team\"},{\"type\":\"section\",\"props\":{\"class\":\"uk-hidden@m\",\"image_position\":\"center-center\",\"style\":\"default\",\"title_breakpoint\":\"xl\",\"title_position\":\"top-left\",\"title_rotation\":\"left\",\"vertical_align\":\"\",\"width\":\"default\"},\"children\":[{\"type\":\"row\",\"children\":[{\"type\":\"column\",\"props\":{\"image_position\":\"center-center\",\"position_sticky_breakpoint\":\"m\"},\"children\":[{\"type\":\"module_position\",\"props\":{\"breakpoint\":\"m\",\"content\":\"builder-1\",\"css\":\".el-element a.el-content{max-width:100%;width:100%}\\n.el-element .uk-panel.uk-margin{width:100%}\",\"layout\":\"stack\"}}]}]}],\"name\":\"Mobile Widget Kontakt\"},{\"type\":\"section\",\"props\":{\"image_position\":\"center-center\",\"padding\":\"large\",\"padding_remove_top\":false,\"style\":\"default\",\"title_breakpoint\":\"xl\",\"title_position\":\"top-left\",\"title_rotation\":\"left\",\"vertical_align\":\"\",\"width\":\"default\"},\"children\":[{\"type\":\"row\",\"children\":[{\"type\":\"column\",\"props\":{\"image_position\":\"center-center\",\"position_sticky_breakpoint\":\"m\",\"width_medium\":\"3-4\"},\"children\":[{\"type\":\"headline\",\"props\":{\"content\":\"So kommen Sie am schnellsten zu uns:\",\"content_en_gb\":\"This is the quickest way to reach us:\",\"maxwidth\":\"2xlarge\",\"title_color\":\"emphasis\",\"title_element\":\"h2\",\"title_style\":\"h1\"}}]},{\"type\":\"column\",\"props\":{\"image_position\":\"center-center\",\"position_sticky_breakpoint\":\"m\",\"width_medium\":\"1-4\"}}],\"props\":{\"layout\":\"3-4,1-4\"}},{\"type\":\"row\",\"props\":{\"column_gap\":\"collapse\",\"layout\":\"2-5,1-5,1-5,1-5|1-1,1-3,1-3,1-3\",\"row_gap\":\"large\"},\"children\":[{\"type\":\"column\",\"props\":{\"image_position\":\"center-center\",\"position_sticky_breakpoint\":\"m\",\"width_medium\":\"2-5\",\"width_small\":\"1-1\"},\"children\":[{\"type\":\"text\",\"props\":{\"column_breakpoint\":\"m\",\"content\":\"\n\n<p>PARLAW<br \\\/>Rechtsanwalts-Partnerschaft<\\\/p>\",\"margin\":\"default\",\"text_color\":\"emphasis\",\"text_style\":\"small\"}}]},{\"type\":\"column\",\"props\":{\"image_position\":\"center-center\",\"position_sticky_breakpoint\":\"m\",\"width_medium\":\"1-5\",\"width_small\":\"1-3\"},\"children\":[{\"type\":\"text\",\"props\":{\"column_breakpoint\":\"m\",\"content\":\"\n\n<p><span>Hegelgasse 19\\\/5+6 (1. Etage)<\\\/span><br \\\/>A-1010 Wien<\\\/p>\",\"content_en_gb\":\"\n\n<p>Hegelgasse 19\\\/5+6 <br \\\/>(1st floor)<br \\\/>A-1010 Vienna<\\\/p>\",\"margin\":\"default\",\"text_color\":\"emphasis\",\"text_style\":\"small\"}}]},{\"type\":\"column\",\"props\":{\"image_position\":\"center-center\",\"position_sticky_breakpoint\":\"m\",\"width_medium\":\"1-5\",\"width_small\":\"1-3\"},\"children\":[{\"type\":\"text\",\"props\":{\"column_breakpoint\":\"m\",\"content\":\"\n\n<p>(T) +43 1 235 12 65<br \\\/>(F) +43 1 235 12 65 65<\\\/p>\",\"margin\":\"default\",\"text_color\":\"emphasis\",\"text_style\":\"small\"}}]},{\"type\":\"column\",\"props\":{\"image_position\":\"center-center\",\"position_sticky_breakpoint\":\"m\",\"width_medium\":\"1-5\",\"width_small\":\"1-3\"},\"children\":[{\"type\":\"text\",\"props\":{\"column_breakpoint\":\"m\",\"content\":\"\n\n<p>(E) <a href=\\\"mailto:office@parlaw.at\\\">office@parlaw.at<\\\/a> <br \\\/><span uk-icon=\\\"icon: arrow-right; ratio: 1.1\\\"><\\\/span> <a href=\\\"https:\\\/\\\/maps.app.goo.gl\\\/9j7tYkSf7zXr85gK8\\\" target=\\\"_blank\\\" rel=\\\"noopener\\\">Finden Sie uns auf Google Maps<\\\/a><\\\/p>\",\"content_en_gb\":\"\n\n<p>(E) <a href=\\\"mailto:office@parlaw.at\\\">office@parlaw.at<\\\/a> <br \\\/><span uk-icon=\\\"icon: arrow-right; ratio: 1.1\\\"><\\\/span> <a href=\\\"https:\\\/\\\/maps.app.goo.gl\\\/9j7tYkSf7zXr85gK8\\\" target=\\\"_blank\\\" rel=\\\"noopener\\\">Find us on Google Maps<\\\/a><\\\/p>\",\"css\":\"\\n.el-element .uk-icon{position: relative;\\n    top: -2px;}\\n.el-element span{ transform: rotate(-45deg);}\\n.el-element svg{    width: 30px!important;}\\n.el-element{font-size:20px}\",\"margin\":\"default\",\"text_color\":\"emphasis\",\"text_style\":\"small\"},\"name\":\"gmaps\"}]}]}],\"name\":\"So kommen Sie am schnellsten zu uns\"}],\"version\":\"4.5.32\",\"yooessentialsVersion\":\"2.4.2\"} --><\/p>\n","protected":false},"excerpt":{"rendered":"<p>Vertrauen weitergeben. In Zeiten von Wandel ist Stabilit\u00e4t besonders wichtig. Seit 1. August 2025 arbeitet Rechtsanwalt Dr. Hubert Simon in den Kanzleir\u00e4umlichkeiten von PARLAW. Er will so seinen Klient:innen eine schrittweise \u00dcbergabe laufender Agenden anbieten, ehe er sich Ende des Jahres 2025 beruflich zur\u00fcckzieht. Daf\u00fcr hat er sich entschieden mit PARLAW zusammenzuarbeiten. PARLAW-Partner Wolfgang Renzl [&hellip;]<\/p>\n","protected":false},"author":1,"featured_media":6789,"parent":0,"menu_order":10,"comment_status":"closed","ping_status":"closed","template":"","meta":{"_acf_changed":false,"_seopress_robots_primary_cat":"","_seopress_titles_title":"","_seopress_titles_desc":"","_seopress_robots_index":"","footnotes":""},"class_list":["post-6785","page","type-page","status-publish","has-post-thumbnail","hentry"],"acf":[],"_links":{"self":[{"href":"https:\/\/parlaw.at\/en\/wp-json\/wp\/v2\/pages\/6785","targetHints":{"allow":["GET"]}}],"collection":[{"href":"https:\/\/parlaw.at\/en\/wp-json\/wp\/v2\/pages"}],"about":[{"href":"https:\/\/parlaw.at\/en\/wp-json\/wp\/v2\/types\/page"}],"author":[{"embeddable":true,"href":"https:\/\/parlaw.at\/en\/wp-json\/wp\/v2\/users\/1"}],"replies":[{"embeddable":true,"href":"https:\/\/parlaw.at\/en\/wp-json\/wp\/v2\/comments?post=6785"}],"version-history":[{"count":5,"href":"https:\/\/parlaw.at\/en\/wp-json\/wp\/v2\/pages\/6785\/revisions"}],"predecessor-version":[{"id":7895,"href":"https:\/\/parlaw.at\/en\/wp-json\/wp\/v2\/pages\/6785\/revisions\/7895"}],"wp:featuredmedia":[{"embeddable":true,"href":"https:\/\/parlaw.at\/en\/wp-json\/wp\/v2\/media\/6789"}],"wp:attachment":[{"href":"https:\/\/parlaw.at\/en\/wp-json\/wp\/v2\/media?parent=6785"}],"curies":[{"name":"wp","href":"https:\/\/api.w.org\/{rel}","templated":true}]}}