{"id":7328,"date":"2025-10-28T11:32:38","date_gmt":"2025-10-28T11:32:38","guid":{"rendered":"https:\/\/parlaw.at\/?page_id=7328"},"modified":"2025-11-06T14:25:01","modified_gmt":"2025-11-06T14:25:01","slug":"mediation","status":"publish","type":"page","link":"https:\/\/parlaw.at\/en\/mediation\/","title":{"rendered":"Mediation"},"content":{"rendered":"<h1>Mediation<\/h1>\n<div>\n<p>Geh\u00f6rt und gesehen zu werden ist in Konfliktsituationen besonders wichtig. Seit 1. Oktober 2025 ist Mag. Karoline Landsiedl-Munz in den Kanzleir\u00e4umlichkeiten von PARLAW als selbstst\u00e4ndige Mediatorin t\u00e4tig. Sie begleitet Menschen und Organisationen in herausfordernden Situationen und unterst\u00fctzt sie bei der Entwicklung tragf\u00e4higer L\u00f6sungen.<\/p>\n<\/div>\n<h2>Ob in der Rechtsberatung oder in der Mediation \u2013 Verst\u00e4ndnis, Vertrauen und Augenh\u00f6he sind die Grundlage jeder L\u00f6sung.<\/h2>\n<h2>Mag. Landsiedl-Munz<\/h2>\n<div>\n<p>Mag. Karoline Landsiedl-Munz ist seit 2019 eingetragene Mediatorin nach dem Zivilrechts-Mediations-Gesetz. Vor ihrer T\u00e4tigkeit als selbstst\u00e4ndige Mediatorin war sie bereits als Rechtsanw\u00e4rterin bei PARLAW sowie bei der FMA t\u00e4tig. Heute verbindet sie juristische und mediatorische Expertise, um Menschen und Organisationen bei einer nachhaltigen Konfliktl\u00f6sung zu unterst\u00fctzen.<\/p>\n<\/div>\n<div>\n<p>Mediation bietet sich zur Konfliktbeilegung vor allem dann an, wenn es nicht um Rechtsdurchsetzung oder gerichtliche Verfahren, sondern um das Finden gemeinsamer L\u00f6sungen und neuer Perspektiven geht. \u00a0Dabei fungiert Mag. Landsiedl-Munz als neutrale Vermittlerin und begleitet die Parteien in einem strukturierten Prozess hin zu eigenverantwortlichen L\u00f6sungen. Sollte eine klassische Mediation mit allen Beteiligten nicht m\u00f6glich oder gew\u00fcnscht sein, bietet sie auch alternative Formen wie, Konfliktcoaching, Mediation mit Stellvertretung oder Shuttle-Mediation an \u2013 ein Verfahren, das besonders in hoch eskalierten Situationen bew\u00e4hrt ist. Mag. Landsiedl-Munz bietet ihre Mediation in deutscher, englischer, spanischer und russischer Sprache an.<\/p>\n<\/div>\n<h2>\n<p class=\"uk-text-primary\" data-id=\"page#4-0-1-1\" id=\"page#2\"><span>Mag. Karoline Landsiedl-Munz<\/span><\/p>\n<\/h2>\n<ul>\n<li>\n<h3>(T)<\/h3>\n<div>\n<p>+43 (0)699 12724505<\/p>\n<\/div>\n<\/li>\n<li>\n<h3>(E)<\/h3>\n<p><a href=\"mailto:office@parlaw.at\"><\/p>\n<p>k.landsiedl-munz@gmx.at<\/p>\n<p><\/a><\/p>\n<\/li>\n<\/ul>\n<p><img decoding=\"async\" src=\"\/wp-content\/uploads\/maximiliansalzer-parlaw-portrait-0581.jpg\" alt=\"\"><\/p>\n<h2>So finden Sie zu uns:<\/h2>\n<div>\n<p>PARLAW<br \/>Rechtsanwalts-Partnerschaft<\/p>\n<\/div>\n<div>\n<p><span>Hegelgasse 19\/5+6 (1. Etage)<\/span><br \/>A-1010 Wien<\/p>\n<\/div>\n<div>\n<p>(T) +43 1 235 12 65<br \/>(F) +43 1 235 12 65 65<\/p>\n<\/div>\n<div>\n<p>(E) <a href=\"mailto:office@parlaw.at\">office@parlaw.at<\/a> <br \/><span uk-icon=\"icon: arrow-right; ratio: 1.1\"><\/span> <a href=\"https:\/\/maps.app.goo.gl\/9j7tYkSf7zXr85gK8\" target=\"_blank\" rel=\"noopener\">Finden Sie uns auf Google Maps<\/a><\/p>\n<\/div>\n<p><!--more--><br \/>\n<!-- {\"type\":\"layout\",\"children\":[{\"type\":\"section\",\"props\":{\"css\":\".el-section .uk-container{padding-top:100px}\",\"header_transparent\":true,\"header_transparent_noplaceholder\":true,\"header_transparent_text_color\":\"light\",\"html_element\":\"section\",\"image\":\"wp-content\\\/uploads\\\/opinions-back.jpg\",\"image_effect\":\"fixed\",\"image_loading\":true,\"image_position\":\"top-center\",\"image_size\":\"width-1-1\",\"media_focal_point\":\"top-center\",\"padding\":\"large\",\"style\":\"default\",\"title_breakpoint\":\"xl\",\"title_position\":\"top-left\",\"title_rotation\":\"left\",\"vertical_align\":\"\",\"width\":\"default\"},\"children\":[{\"type\":\"row\",\"children\":[{\"type\":\"column\",\"props\":{\"image_position\":\"center-center\",\"position_sticky_breakpoint\":\"m\"},\"children\":[{\"type\":\"headline\",\"props\":{\"animation\":\"parallax\",\"content\":\"Mediation\",\"content_en_gb\":\"Mediation\",\"margin_remove_bottom\":true,\"parallax_opacity\":\"0.4 20%\",\"title_color\":\"emphasis\",\"title_element\":\"h1\"}}]}]}],\"name\":\"Team Hero\"},{\"type\":\"section\",\"props\":{\"image_position\":\"center-center\",\"style\":\"default\",\"title_breakpoint\":\"xl\",\"title_position\":\"top-left\",\"title_rotation\":\"left\",\"vertical_align\":\"middle\",\"width\":\"default\"},\"children\":[{\"type\":\"row\",\"children\":[{\"type\":\"column\",\"props\":{\"image_position\":\"center-center\",\"position_sticky_breakpoint\":\"m\"},\"children\":[{\"type\":\"text\",\"props\":{\"animation\":\"parallax\",\"column_breakpoint\":\"m\",\"content\":\"\n\n<p>Geh\\u00f6rt und gesehen zu werden ist in Konfliktsituationen besonders wichtig. Seit 1. Oktober 2025 ist Mag. Karoline Landsiedl-Munz in den Kanzleir\\u00e4umlichkeiten von PARLAW als selbstst\\u00e4ndige Mediatorin t\\u00e4tig. Sie begleitet Menschen und Organisationen in herausfordernden Situationen und unterst\\u00fctzt sie bei der Entwicklung tragf\\u00e4higer L\\u00f6sungen.<\\\/p>\",\"content_en_gb\":\"\n\n<p class=\\\"p1\\\">Being heard and seen is especially important in situations of conflict. Since 1 October 2025, Mag. Karoline Landsiedl-Munz has been working as an independent mediator at the offices of PARLAW. She supports individuals and organisations in challenging situations and assists them in developing sustainable solutions.<\\\/p>\",\"margin\":\"default\",\"parallax_opacity\":\"0.35 1%,1 40%\",\"text_style\":\"lead\"}}]}]}]},{\"type\":\"section\",\"props\":{\"image_position\":\"center-center\",\"style\":\"default\",\"title_breakpoint\":\"xl\",\"title_position\":\"top-left\",\"title_rotation\":\"left\",\"vertical_align\":\"middle\",\"width\":\"default\"},\"children\":[{\"type\":\"row\",\"props\":{\"layout\":\"2-3,1-3\"},\"children\":[{\"type\":\"column\",\"props\":{\"image_position\":\"center-center\",\"position_sticky_breakpoint\":\"m\",\"width_medium\":\"2-3\"},\"children\":[{\"type\":\"headline\",\"props\":{\"content\":\"Ob in der Rechtsberatung oder in der Mediation \\u2013 Verst\\u00e4ndnis, Vertrauen und Augenh\\u00f6he sind die Grundlage jeder L\\u00f6sung.\",\"content_en_gb\":\"Whether in legal advice or in mediation \\u2013 understanding, trust and working together as equals form the basis of every solution.\",\"css\":\".el-element {font-weight:400}\",\"title_element\":\"h2\"}},{\"type\":\"headline\",\"props\":{\"content\":\"Mag. Landsiedl-Munz\",\"css\":\".el-element {font-weight:400}\",\"title_color\":\"primary\",\"title_element\":\"h2\"}}]},{\"type\":\"column\",\"props\":{\"image_position\":\"center-center\",\"position_sticky_breakpoint\":\"m\",\"width_medium\":\"1-3\"},\"children\":[{\"type\":\"text\",\"props\":{\"column_breakpoint\":\"m\",\"content\":\"\n\n<p>Mag. Karoline Landsiedl-Munz ist seit 2019 eingetragene Mediatorin nach dem Zivilrechts-Mediations-Gesetz. Vor ihrer T\\u00e4tigkeit als selbstst\\u00e4ndige Mediatorin war sie bereits als Rechtsanw\\u00e4rterin bei PARLAW sowie bei der FMA t\\u00e4tig. Heute verbindet sie juristische und mediatorische Expertise, um Menschen und Organisationen bei einer nachhaltigen Konfliktl\\u00f6sung zu unterst\\u00fctzen.<\\\/p>\",\"content_en_gb\":\"Mag. Karoline Landsiedl-Munz has been a registered mediator under the Civil Law Mediation Act since 2019. Before working as an independent mediator, she was already active as a trainee lawyer at PARLAW as well as at the Austrian Financial Market Authority (FMA). Today, she combines legal and mediation expertise to support individuals and organisations in achieving sustainable conflict resolution.\",\"margin\":\"default\"}}]}]}]},{\"type\":\"section\",\"props\":{\"image_position\":\"center-center\",\"style\":\"default\",\"title_breakpoint\":\"xl\",\"title_position\":\"top-left\",\"title_rotation\":\"left\",\"vertical_align\":\"middle\",\"width\":\"default\"},\"children\":[{\"type\":\"row\",\"children\":[{\"type\":\"column\",\"props\":{\"image_position\":\"center-center\",\"position_sticky_breakpoint\":\"m\"},\"children\":[{\"type\":\"text\",\"props\":{\"blend\":false,\"column_breakpoint\":\"m\",\"content\":\"\n\n<p>Mediation bietet sich zur Konfliktbeilegung vor allem dann an, wenn es nicht um Rechtsdurchsetzung oder gerichtliche Verfahren, sondern um das Finden gemeinsamer L\\u00f6sungen und neuer Perspektiven geht. \\u00a0Dabei fungiert Mag. Landsiedl-Munz als neutrale Vermittlerin und begleitet die Parteien in einem strukturierten Prozess hin zu eigenverantwortlichen L\\u00f6sungen. Sollte eine klassische Mediation mit allen Beteiligten nicht m\\u00f6glich oder gew\\u00fcnscht sein, bietet sie auch alternative Formen wie, Konfliktcoaching, Mediation mit Stellvertretung oder Shuttle-Mediation an \\u2013 ein Verfahren, das besonders in hoch eskalierten Situationen bew\\u00e4hrt ist. Mag. Landsiedl-Munz bietet ihre Mediation in deutscher, englischer, spanischer und russischer Sprache an.<\\\/p>\",\"content_en_gb\":\"\n\n<p class=\\\"p1\\\">Mediation is particularly suitable for resolving conflicts when the aim is not the enforcement of legal claims or court proceedings, but rather the development of shared solutions and new perspectives. In this process, Mag. Landsiedl-Munz acts as a neutral facilitator and guides the parties through a structured process towards self-determined outcomes.<\\\/p>\\n\n\n<p class=\\\"p1\\\">If a classic mediation with all parties present is not possible or not desired, she also offers alternative formats such as conflict coaching, mediation with representation, or shuttle mediation \\u2013 an approach that has proven effective especially in situations of high escalation.<\\\/p>\\n\n\n<p class=\\\"p1\\\">Mag. Landsiedl-Munz offers mediation in German, English, Spanish, and Russian.<\\\/p>\",\"dropcap\":false,\"margin\":\"\",\"position_bottom\":\"0\",\"position_left\":\"0\"}}]}]}]},{\"type\":\"section\",\"props\":{\"image_position\":\"center-center\",\"style\":\"default\",\"title_breakpoint\":\"xl\",\"title_position\":\"top-left\",\"title_rotation\":\"left\",\"vertical_align\":\"middle\",\"width\":\"default\"},\"children\":[{\"type\":\"row\",\"props\":{\"column_gap\":\"large\",\"layout\":\"1-3,2-3\",\"row_gap\":\"large\"},\"children\":[{\"type\":\"column\",\"props\":{\"image_position\":\"center-center\",\"position_sticky_breakpoint\":\"m\",\"width_medium\":\"1-3\"},\"children\":[{\"type\":\"headline\",\"props\":{\"content\":\"\n\n<p class=\\\"uk-text-primary\\\" data-id=\\\"page#4-0-1-1\\\" id=\\\"page#2\\\"><span>Mag. Karoline Landsiedl-Munz<\\\/span><\\\/p>\",\"css\":\".el-element{font-size:1.7rem}\",\"margin_remove_top\":true,\"title_element\":\"h2\"}},{\"type\":\"description_list\",\"props\":{\"column_breakpoint\":\"m\",\"layout\":\"grid-2\",\"list_element\":\"ul\",\"meta_align\":\"below-content\",\"meta_style\":\"text-meta\",\"show_content\":true,\"show_link\":true,\"show_meta\":true,\"show_title\":true,\"title_element\":\"div\",\"title_grid_column_gap\":\"small\",\"title_grid_row_gap\":\"small\",\"title_grid_width\":\"auto\"},\"children\":[{\"type\":\"description_list_item\",\"props\":{\"content\":\"\n\n<p>+43 (0)699 12724505<\\\/p>\",\"title\":\"(T)\",\"title_en_gb\":\"(P)\"}},{\"type\":\"description_list_item\",\"props\":{\"content\":\"\n\n<p>k.landsiedl-munz@gmx.at<\\\/p>\",\"link\":\"mailto:office@parlaw.at\",\"title\":\"(E)\",\"title_en_gb\":\"(M)\"}}]}]},{\"type\":\"column\",\"props\":{\"image_position\":\"center-center\",\"position_sticky_breakpoint\":\"m\",\"width_medium\":\"2-3\"},\"children\":[{\"type\":\"image\",\"props\":{\"image\":\"wp-content\\\/uploads\\\/maximiliansalzer-parlaw-portrait-0581.jpg\",\"image_svg_color\":\"emphasis\",\"margin\":\"default\"}}]}]},{\"type\":\"row\",\"children\":[{\"type\":\"column\",\"props\":{\"image_position\":\"center-center\",\"position_sticky_breakpoint\":\"m\"}}]}]},{\"type\":\"section\",\"props\":{\"image_position\":\"center-center\",\"style\":\"default\",\"title_breakpoint\":\"xl\",\"title_position\":\"top-left\",\"title_rotation\":\"left\",\"vertical_align\":\"\",\"width\":\"large\"},\"children\":[{\"type\":\"row\",\"children\":[{\"type\":\"column\",\"props\":{\"image_position\":\"center-center\",\"position_sticky_breakpoint\":\"m\"}}]}],\"name\":\"Expert Top Text\"},{\"type\":\"section\",\"props\":{\"image_position\":\"center-center\",\"padding\":\"large\",\"status\":\"disabled\",\"style\":\"default\",\"title_breakpoint\":\"xl\",\"title_position\":\"top-left\",\"title_rotation\":\"left\",\"vertical_align\":\"middle\",\"width\":\"default\"},\"children\":[{\"type\":\"row\",\"props\":{\"column_gap\":\"large\",\"layout\":\"1-3,2-3\",\"row_gap\":\"large\"},\"children\":[{\"type\":\"column\",\"props\":{\"image_position\":\"center-center\",\"position_sticky_breakpoint\":\"m\",\"width_medium\":\"1-3\"},\"children\":[{\"type\":\"divider\",\"props\":{\"divider_element\":\"hr\",\"maxwidth\":\"small\"}},{\"type\":\"text\",\"props\":{\"column_breakpoint\":\"m\",\"content\":\"\",\"margin\":\"default\"}}]},{\"type\":\"column\",\"props\":{\"image_position\":\"center-center\",\"position_sticky_breakpoint\":\"m\",\"width_medium\":\"2-3\"},\"children\":[{\"type\":\"fragment\",\"props\":{\"margin\":\"default\"},\"children\":[{\"type\":\"row\",\"props\":{\"layout\":\"1-2,1-2\"},\"children\":[{\"type\":\"column\",\"props\":{\"image_position\":\"center-center\",\"position_sticky_breakpoint\":\"m\",\"width_medium\":\"1-2\"},\"children\":[{\"type\":\"image\",\"props\":{\"height_expand\":true,\"image\":\"wp-content\\\/uploads\\\/maximiliansalzer-parlaw-portrait-0581.jpg\",\"image_alt\":\"Dr. Simon\",\"image_svg_color\":\"emphasis\",\"image_width\":800,\"margin\":\"default\",\"visibility\":\"l\"},\"name\":\"s1\"}]},{\"type\":\"column\",\"props\":{\"image_position\":\"center-center\",\"position_sticky_breakpoint\":\"m\",\"width_medium\":\"1-2\"},\"children\":[{\"type\":\"fragment\",\"props\":{\"class\":\"sollbottom\",\"css\":\".el-element{width:200px}\",\"margin\":\"default\",\"position_bottom\":\"0\"},\"children\":[{\"type\":\"row\",\"props\":{\"column_gap\":\"small\",\"row_gap\":\"small\"},\"children\":[{\"type\":\"column\",\"props\":{\"image_position\":\"center-center\",\"position_sticky_breakpoint\":\"m\"},\"children\":[{\"type\":\"button\",\"props\":{\"css\":\".el-content .uk-icon {position:absolute;right:10px;width:40px}\\n.el-content{justify-content: left;position:relative;max-width:180px}\\n.el-content svg{width:26px}\",\"fullwidth\":true,\"grid_column_gap\":\"\",\"grid_row_gap\":\"\",\"margin\":\"default\",\"margin_remove_top\":true},\"children\":[{\"type\":\"button_item\",\"props\":{\"button_style\":\"secondary\",\"content\":\"Mail\",\"dialog_layout\":\"modal\",\"dialog_offcanvas_flip\":true,\"icon\":\"arrow-right\",\"icon_align\":\"right\",\"link\":\"mailto: office@parlaw.at\",\"link_title\":\"E-Mail\"}}],\"name\":\"button\"},{\"type\":\"button\",\"props\":{\"css\":\".el-content{justify-content: left;position:relative}\\n.el-content .uk-icon {position:absolute;right:10px;width:40px}\\n.el-content{justify-content: left;position:relative;max-width:180px}\\n.el-content svg{width:26px}\",\"fullwidth\":true,\"grid_column_gap\":\"\",\"grid_row_gap\":\"\",\"margin\":\"medium\"},\"children\":[{\"type\":\"button_item\",\"props\":{\"button_style\":\"secondary\",\"content\":\"Telefon\",\"content_en_gb\":\"Phone\",\"dialog_layout\":\"modal\",\"dialog_offcanvas_flip\":true,\"icon\":\"arrow-right\",\"icon_align\":\"right\",\"link\":\"tel: +43 01 235 12 65\"}}],\"name\":\"button\"},{\"type\":\"button\",\"props\":{\"css\":\".el-content{justify-content: left;position:relative}\\n.el-content .uk-icon {position:absolute;right:10px;width:40px}\\n.el-content{justify-content: left;position:relative;max-width:180px}\\n.el-content svg{width:26px}\",\"fullwidth\":true,\"grid_column_gap\":\"\",\"grid_row_gap\":\"\",\"margin\":\"default\"},\"children\":[{\"type\":\"button_item\",\"props\":{\"button_style\":\"secondary\",\"content\":\"Google Maps\",\"dialog_layout\":\"modal\",\"dialog_offcanvas_flip\":true,\"icon\":\"arrow-right\",\"icon_align\":\"right\",\"link\":\"https:\\\/\\\/maps.app.goo.gl\\\/9j7tYkSf7zXr85gK8\",\"link_target\":\"blank\"}}],\"name\":\"button\"}]}]}],\"name\":\"s4\"}]}]}]}]}]}],\"name\":\"Karoline\"},{\"type\":\"section\",\"props\":{\"class\":\"uk-visible@m\",\"image_position\":\"center-center\",\"style\":\"default\",\"title_breakpoint\":\"xl\",\"title_position\":\"top-left\",\"title_rotation\":\"left\",\"vertical_align\":\"\",\"width\":\"\"},\"children\":[{\"type\":\"row\",\"children\":[{\"type\":\"column\",\"props\":{\"image_position\":\"center-center\",\"position_sticky_breakpoint\":\"m\"},\"children\":[{\"type\":\"module_position\",\"props\":{\"breakpoint\":\"m\",\"content\":\"builder-1\",\"layout\":\"stack\"}}]}]}],\"name\":\"Desktop Widget Kontakt\"},{\"type\":\"section\",\"props\":{\"class\":\"uk-hidden@m\",\"image_position\":\"center-center\",\"style\":\"default\",\"title_breakpoint\":\"xl\",\"title_position\":\"top-left\",\"title_rotation\":\"left\",\"vertical_align\":\"\",\"width\":\"default\"},\"children\":[{\"type\":\"row\",\"children\":[{\"type\":\"column\",\"props\":{\"image_position\":\"center-center\",\"position_sticky_breakpoint\":\"m\"},\"children\":[{\"type\":\"module_position\",\"props\":{\"breakpoint\":\"m\",\"content\":\"builder-1\",\"css\":\".el-element a.el-content{max-width:100%;width:100%}\\n.el-element .uk-panel.uk-margin{width:100%}\",\"layout\":\"stack\"}}]}]}],\"name\":\"Mobile Widget Kontakt\"},{\"type\":\"section\",\"props\":{\"animation\":\"fade\",\"image_position\":\"center-center\",\"padding\":\"large\",\"padding_remove_top\":false,\"style\":\"default\",\"title_breakpoint\":\"xl\",\"title_position\":\"top-left\",\"title_rotation\":\"left\",\"vertical_align\":\"\",\"width\":\"default\"},\"children\":[{\"type\":\"row\",\"children\":[{\"type\":\"column\",\"props\":{\"image_position\":\"center-center\",\"position_sticky_breakpoint\":\"m\",\"width_medium\":\"3-4\"},\"children\":[{\"type\":\"headline\",\"props\":{\"animation\":\"parallax\",\"content\":\"So finden Sie zu uns:\",\"content_en_gb\":\"How to find us:\",\"maxwidth\":\"2xlarge\",\"parallax_opacity\":\"0.4 20%,1 30%\",\"parallax_target\":\"!.uk-section\",\"title_color\":\"emphasis\",\"title_element\":\"h2\",\"title_style\":\"h1\"}}]},{\"type\":\"column\",\"props\":{\"image_position\":\"center-center\",\"position_sticky_breakpoint\":\"m\",\"width_medium\":\"1-4\"}}],\"props\":{\"layout\":\"3-4,1-4\"}},{\"type\":\"row\",\"props\":{\"column_gap\":\"collapse\",\"layout\":\"2-5,1-5,1-5,1-5|1-1,1-3,1-3,1-3\",\"row_gap\":\"large\"},\"children\":[{\"type\":\"column\",\"props\":{\"image_position\":\"center-center\",\"position_sticky_breakpoint\":\"m\",\"width_medium\":\"1-2\",\"width_xlarge\":\"2-5\"},\"children\":[{\"type\":\"text\",\"props\":{\"column_breakpoint\":\"m\",\"content\":\"\n\n<p>PARLAW<br \\\/>Rechtsanwalts-Partnerschaft<\\\/p>\",\"margin\":\"default\",\"text_color\":\"emphasis\",\"text_style\":\"small\"}}]},{\"type\":\"column\",\"props\":{\"image_position\":\"center-center\",\"position_sticky_breakpoint\":\"m\",\"width_small\":\"1-2\",\"width_xlarge\":\"1-5\"},\"children\":[{\"type\":\"text\",\"props\":{\"column_breakpoint\":\"m\",\"content\":\"\n\n<p><span>Hegelgasse 19\\\/5+6 (1. Etage)<\\\/span><br \\\/>A-1010 Wien<\\\/p>\",\"content_en_gb\":\"\n\n<p>Hegelgasse 19\\\/5+6 <br \\\/>(1st floor)<br \\\/>A-1010 Vienna<\\\/p>\",\"margin\":\"default\",\"text_color\":\"emphasis\",\"text_style\":\"small\"}}]},{\"type\":\"column\",\"props\":{\"image_position\":\"center-center\",\"position_sticky_breakpoint\":\"m\",\"width_medium\":\"1-2\",\"width_xlarge\":\"1-5\"},\"children\":[{\"type\":\"text\",\"props\":{\"column_breakpoint\":\"m\",\"content\":\"\n\n<p>(T) +43 1 235 12 65<br \\\/>(F) +43 1 235 12 65 65<\\\/p>\",\"margin\":\"default\",\"text_color\":\"emphasis\",\"text_style\":\"small\"}}]},{\"type\":\"column\",\"props\":{\"image_position\":\"center-center\",\"position_sticky_breakpoint\":\"m\",\"width_medium\":\"1-2\",\"width_xlarge\":\"1-5\"},\"children\":[{\"type\":\"text\",\"props\":{\"column_breakpoint\":\"m\",\"content\":\"\n\n<p>(E) <a href=\\\"mailto:office@parlaw.at\\\">office@parlaw.at<\\\/a> <br \\\/><span uk-icon=\\\"icon: arrow-right; ratio: 1.1\\\"><\\\/span> <a href=\\\"https:\\\/\\\/maps.app.goo.gl\\\/9j7tYkSf7zXr85gK8\\\" target=\\\"_blank\\\" rel=\\\"noopener\\\">Finden Sie uns auf Google Maps<\\\/a><\\\/p>\",\"content_en_gb\":\"\n\n<p>(E) <a href=\\\"mailto:office@parlaw.at\\\">office@parlaw.at<\\\/a> <br \\\/><span uk-icon=\\\"icon: arrow-right; ratio: 1.1\\\"><\\\/span> <a href=\\\"https:\\\/\\\/maps.app.goo.gl\\\/9j7tYkSf7zXr85gK8\\\" target=\\\"_blank\\\" rel=\\\"noopener\\\">Find us on Google Maps<\\\/a><\\\/p>\",\"css\":\"\\n.el-element .uk-icon{position: relative;\\n    top: -2px;}\\n.el-element span{ transform: rotate(-45deg);}\\n.el-element svg{    width: 30px!important;}\\n.el-element{font-size:20px}\",\"margin\":\"default\",\"text_color\":\"emphasis\",\"text_style\":\"small\"},\"name\":\"gmaps\"}]}]}],\"name\":\"So kommen Sie am schnellsten zu uns\"},{\"type\":\"section\",\"props\":{\"header_transparent\":true,\"image_position\":\"center-center\",\"style\":\"default\",\"title_breakpoint\":\"xl\",\"title_position\":\"top-left\",\"title_rotation\":\"left\",\"vertical_align\":\"\",\"width\":\"default\"},\"children\":[{\"type\":\"row\",\"children\":[{\"type\":\"column\",\"props\":{\"image_position\":\"center-center\",\"position_sticky_breakpoint\":\"m\"},\"children\":[{\"type\":\"image\",\"props\":{\"image\":\"\",\"image_svg_color\":\"emphasis\",\"margin\":\"default\"}}]}]}]}],\"version\":\"4.5.28\",\"yooessentialsVersion\":\"2.4.2\"} --><\/p>\n","protected":false},"excerpt":{"rendered":"<p>Mediation Geh\u00f6rt und gesehen zu werden ist in Konfliktsituationen besonders wichtig. Seit 1. Oktober 2025 ist Mag. Karoline Landsiedl-Munz in den Kanzleir\u00e4umlichkeiten von PARLAW als selbstst\u00e4ndige Mediatorin t\u00e4tig. Sie begleitet Menschen und Organisationen in herausfordernden Situationen und unterst\u00fctzt sie bei der Entwicklung tragf\u00e4higer L\u00f6sungen. Ob in der Rechtsberatung oder in der Mediation \u2013 Verst\u00e4ndnis, Vertrauen [&hellip;]<\/p>\n","protected":false},"author":1,"featured_media":7330,"parent":0,"menu_order":4,"comment_status":"closed","ping_status":"closed","template":"","meta":{"_acf_changed":false,"_seopress_robots_primary_cat":"","_seopress_titles_title":"","_seopress_titles_desc":"","_seopress_robots_index":"","footnotes":""},"class_list":["post-7328","page","type-page","status-publish","has-post-thumbnail","hentry"],"acf":[],"_links":{"self":[{"href":"https:\/\/parlaw.at\/en\/wp-json\/wp\/v2\/pages\/7328","targetHints":{"allow":["GET"]}}],"collection":[{"href":"https:\/\/parlaw.at\/en\/wp-json\/wp\/v2\/pages"}],"about":[{"href":"https:\/\/parlaw.at\/en\/wp-json\/wp\/v2\/types\/page"}],"author":[{"embeddable":true,"href":"https:\/\/parlaw.at\/en\/wp-json\/wp\/v2\/users\/1"}],"replies":[{"embeddable":true,"href":"https:\/\/parlaw.at\/en\/wp-json\/wp\/v2\/comments?post=7328"}],"version-history":[{"count":5,"href":"https:\/\/parlaw.at\/en\/wp-json\/wp\/v2\/pages\/7328\/revisions"}],"predecessor-version":[{"id":7415,"href":"https:\/\/parlaw.at\/en\/wp-json\/wp\/v2\/pages\/7328\/revisions\/7415"}],"wp:featuredmedia":[{"embeddable":true,"href":"https:\/\/parlaw.at\/en\/wp-json\/wp\/v2\/media\/7330"}],"wp:attachment":[{"href":"https:\/\/parlaw.at\/en\/wp-json\/wp\/v2\/media?parent=7328"}],"curies":[{"name":"wp","href":"https:\/\/api.w.org\/{rel}","templated":true}]}}